{"id":807,"date":"2021-04-06T17:39:10","date_gmt":"2021-04-06T17:39:10","guid":{"rendered":"https:\/\/nanugarten.ch\/?page_id=807"},"modified":"2022-04-24T12:19:30","modified_gmt":"2022-04-24T12:19:30","slug":"gartenplan","status":"publish","type":"page","link":"https:\/\/nanugarten.ch\/?page_id=807","title":{"rendered":"\u00dcbersichtsplan"},"content":{"rendered":"<p>Schon bevor der NaNuGarten fertig wurde, hat der Modelleisenbahnclub Altst\u00e4tten f\u00fcr die Naturstadt-Tage schon mal eine super Vorlage erstellt. Inzwischen sieht der Garten ann\u00e4hernd so sch\u00f6n aus&#8230;&nbsp;<\/p>\n<figure id=\"attachment_801\" aria-describedby=\"caption-attachment-801\" style=\"width: 525px\" class=\"wp-caption alignnone\"><a href=\"https:\/\/nanugarten.ch\/wp-content\/uploads\/2021\/03\/DSC7733-scaled.jpg\"><img loading=\"lazy\" decoding=\"async\" class=\"wp-image-801 size-large\" src=\"https:\/\/nanugarten.ch\/wp-content\/uploads\/2021\/03\/DSC7733-1024x576.jpg\" alt=\"NaNuGarten Modell\" width=\"525\" height=\"295\" srcset=\"https:\/\/nanugarten.ch\/wp-content\/uploads\/2021\/03\/DSC7733-1024x576.jpg 1024w, https:\/\/nanugarten.ch\/wp-content\/uploads\/2021\/03\/DSC7733-300x169.jpg 300w, https:\/\/nanugarten.ch\/wp-content\/uploads\/2021\/03\/DSC7733-768x432.jpg 768w, https:\/\/nanugarten.ch\/wp-content\/uploads\/2021\/03\/DSC7733-1536x864.jpg 1536w, https:\/\/nanugarten.ch\/wp-content\/uploads\/2021\/03\/DSC7733-2048x1152.jpg 2048w\" sizes=\"auto, (max-width: 525px) 100vw, 525px\" \/><\/a><figcaption id=\"caption-attachment-801\" class=\"wp-caption-text\">Das ist das Modell vom NaNuGarten. Wieviel Arbeit darin steckt kann man erahnen wenn man die Bilder der &#8222;Bauarbeiten&#8220; sieht:&nbsp;<a href=\"https:\/\/mec-altstaetten.ch\/2021\/03\/20\/modell-vom-nanu-garten\/\" target=\"_blank\" rel=\"noopener\"> https:\/\/mec-altstaetten.ch\/2021\/03\/20\/modell-vom-nanu-garten\/<\/a>)<\/figcaption><\/figure>\n<figure id=\"attachment_752\" aria-describedby=\"caption-attachment-752\" style=\"width: 525px\" class=\"wp-caption alignnone\"><a href=\"https:\/\/nanugarten.ch\/wp-content\/uploads\/2021\/03\/NaNuGarten-Plan-scaled.jpg\"><img loading=\"lazy\" decoding=\"async\" class=\"wp-image-752 size-large\" src=\"https:\/\/nanugarten.ch\/wp-content\/uploads\/2021\/03\/NaNuGarten-Plan-1024x717.jpg\" alt=\"NaNuGartenplan mit Legende\" width=\"525\" height=\"368\" srcset=\"https:\/\/nanugarten.ch\/wp-content\/uploads\/2021\/03\/NaNuGarten-Plan-1024x717.jpg 1024w, https:\/\/nanugarten.ch\/wp-content\/uploads\/2021\/03\/NaNuGarten-Plan-300x210.jpg 300w, https:\/\/nanugarten.ch\/wp-content\/uploads\/2021\/03\/NaNuGarten-Plan-768x538.jpg 768w, https:\/\/nanugarten.ch\/wp-content\/uploads\/2021\/03\/NaNuGarten-Plan-1536x1075.jpg 1536w, https:\/\/nanugarten.ch\/wp-content\/uploads\/2021\/03\/NaNuGarten-Plan-2048x1434.jpg 2048w\" sizes=\"auto, (max-width: 525px) 100vw, 525px\" \/><\/a><figcaption id=\"caption-attachment-752\" class=\"wp-caption-text\">Das ist der Plan mit Legende (zum vergr\u00f6ssern Bild anklicken)<\/figcaption><\/figure>\n","protected":false},"excerpt":{"rendered":"<p>Schon bevor der NaNuGarten fertig wurde, hat der Modelleisenbahnclub Altst\u00e4tten f\u00fcr die Naturstadt-Tage schon mal eine super Vorlage erstellt. Inzwischen sieht der Garten ann\u00e4hernd so sch\u00f6n aus&#8230;&nbsp;<\/p>\n","protected":false},"author":1,"featured_media":0,"parent":0,"menu_order":0,"comment_status":"closed","ping_status":"closed","template":"","meta":{"ngg_post_thumbnail":0,"_EventAllDay":false,"_EventTimezone":"","_EventStartDate":"","_EventEndDate":"","_EventStartDateUTC":"","_EventEndDateUTC":"","_EventShowMap":false,"_EventShowMapLink":false,"_EventURL":"","_EventCost":"","_EventCostDescription":"","_EventCurrencySymbol":"","_EventCurrencyCode":"","_EventCurrencyPosition":"","_EventDateTimeSeparator":"","_EventTimeRangeSeparator":"","_EventOrganizerID":[],"_EventVenueID":[],"_OrganizerEmail":"","_OrganizerPhone":"","_OrganizerWebsite":"","_VenueAddress":"","_VenueCity":"","_VenueCountry":"","_VenueProvince":"","_VenueState":"","_VenueZip":"","_VenuePhone":"","_VenueURL":"","_VenueStateProvince":"","_VenueLat":"","_VenueLng":"","_VenueShowMap":false,"_VenueShowMapLink":false,"footnotes":""},"class_list":["post-807","page","type-page","status-publish","hentry"],"_links":{"self":[{"href":"https:\/\/nanugarten.ch\/index.php?rest_route=\/wp\/v2\/pages\/807","targetHints":{"allow":["GET"]}}],"collection":[{"href":"https:\/\/nanugarten.ch\/index.php?rest_route=\/wp\/v2\/pages"}],"about":[{"href":"https:\/\/nanugarten.ch\/index.php?rest_route=\/wp\/v2\/types\/page"}],"author":[{"embeddable":true,"href":"https:\/\/nanugarten.ch\/index.php?rest_route=\/wp\/v2\/users\/1"}],"replies":[{"embeddable":true,"href":"https:\/\/nanugarten.ch\/index.php?rest_route=%2Fwp%2Fv2%2Fcomments&post=807"}],"version-history":[{"count":6,"href":"https:\/\/nanugarten.ch\/index.php?rest_route=\/wp\/v2\/pages\/807\/revisions"}],"predecessor-version":[{"id":980,"href":"https:\/\/nanugarten.ch\/index.php?rest_route=\/wp\/v2\/pages\/807\/revisions\/980"}],"wp:attachment":[{"href":"https:\/\/nanugarten.ch\/index.php?rest_route=%2Fwp%2Fv2%2Fmedia&parent=807"}],"curies":[{"name":"wp","href":"https:\/\/api.w.org\/{rel}","templated":true}]}}