{"id":756,"date":"2021-03-23T05:50:45","date_gmt":"2021-03-23T05:50:45","guid":{"rendered":"https:\/\/nanugarten.ch\/?page_id=756"},"modified":"2022-04-24T14:03:33","modified_gmt":"2022-04-24T14:03:33","slug":"verein-naturgarten-eisch","status":"publish","type":"page","link":"https:\/\/nanugarten.ch\/?page_id=756","title":{"rendered":"Verein Naturgarten Eisch"},"content":{"rendered":"<ul>\n<li>Der neu gegr\u00fcndete Verein Naturgarten Eisch unterh\u00e4lt und pflegt den ca. 3&#8217;700 qm grossen Naturgarten im NaNuGarten.<\/li>\n<li>Er stellt interessierten Personen <a href=\"https:\/\/nanugarten.ch\/?page_id=318\">Mikro-Pflanzpl\u00e4tz<\/a> zur biologischen Bewirtschaftung zur Verf\u00fcgung.<\/li>\n<li>Er bietet Kurse, Vortr\u00e4ge und F\u00fchrungen an um die Idee vom naturnahen G\u00e4rtnern, aktiven Umweltschutz, Naturschutz und Biodiversit\u00e4t weiter zu verbreiten.<\/li>\n<li>Er bietet eine Infrastruktur mit <a href=\"https:\/\/nanugarten.ch\/?page_id=325\">Pavillon<\/a> etc. f\u00fcr sinnverwandte Anl\u00e4sse an.<\/li>\n<\/ul>\n<p>Wer Interesse an einem Pflanzpl\u00e4tz, freiwilliger Mitarbeit im Naturgarten oder der Durchf\u00fchrung eines Anlasses im Pavillon hat kann sich bei Dora Z\u00fcger melden: Tel 076 30786 15 \/ <span style=\"color: #000080;\"><span lang=\"zxx\"><u>dora.zueger@nanugarten.ch. <\/u><\/span><\/span><\/p>\n<p>Das gilt auch f\u00fcr alle, die beim Verein Mitglied werden und so den Aufbau eines zwar kleinen, aber feinen Natur- und Umweltschutzzentrums f\u00f6rdern wollen.<\/p>\n<p>Der Jahresbeitrag betr\u00e4gt CHF 40 \/ juristische Personen CHF 100.&nbsp;&nbsp;<\/p>\n<p>F\u00fcr Ausk\u00fcnfte etc. steht auch Vereinspr\u00e4sident Werner Strub zur Verf\u00fcgung: <a href=\"mailto:natur@strub.ch\">natur@strub.ch<\/a>.&nbsp;<\/p>\nngg_shortcode_0_placeholder\n","protected":false},"excerpt":{"rendered":"<p>Der neu gegr\u00fcndete Verein Naturgarten Eisch unterh\u00e4lt und pflegt den ca. 3&#8217;700 qm grossen Naturgarten im NaNuGarten. Er stellt interessierten Personen Mikro-Pflanzpl\u00e4tz zur biologischen Bewirtschaftung zur Verf\u00fcgung. Er bietet Kurse, &hellip; <\/p>\n<p class=\"link-more\"><a href=\"https:\/\/nanugarten.ch\/?page_id=756\" class=\"more-link\"><span class=\"screen-reader-text\">\u201eVerein Naturgarten Eisch\u201c<\/span> weiterlesen<\/a><\/p>\n","protected":false},"author":1,"featured_media":0,"parent":0,"menu_order":0,"comment_status":"closed","ping_status":"closed","template":"","meta":{"ngg_post_thumbnail":0,"_EventAllDay":false,"_EventTimezone":"","_EventStartDate":"","_EventEndDate":"","_EventStartDateUTC":"","_EventEndDateUTC":"","_EventShowMap":false,"_EventShowMapLink":false,"_EventURL":"","_EventCost":"","_EventCostDescription":"","_EventCurrencySymbol":"","_EventCurrencyCode":"","_EventCurrencyPosition":"","_EventDateTimeSeparator":"","_EventTimeRangeSeparator":"","_EventOrganizerID":[],"_EventVenueID":[],"_OrganizerEmail":"","_OrganizerPhone":"","_OrganizerWebsite":"","_VenueAddress":"","_VenueCity":"","_VenueCountry":"","_VenueProvince":"","_VenueState":"","_VenueZip":"","_VenuePhone":"","_VenueURL":"","_VenueStateProvince":"","_VenueLat":"","_VenueLng":"","_VenueShowMap":false,"_VenueShowMapLink":false,"footnotes":""},"class_list":["post-756","page","type-page","status-publish","hentry"],"_links":{"self":[{"href":"https:\/\/nanugarten.ch\/index.php?rest_route=\/wp\/v2\/pages\/756","targetHints":{"allow":["GET"]}}],"collection":[{"href":"https:\/\/nanugarten.ch\/index.php?rest_route=\/wp\/v2\/pages"}],"about":[{"href":"https:\/\/nanugarten.ch\/index.php?rest_route=\/wp\/v2\/types\/page"}],"author":[{"embeddable":true,"href":"https:\/\/nanugarten.ch\/index.php?rest_route=\/wp\/v2\/users\/1"}],"replies":[{"embeddable":true,"href":"https:\/\/nanugarten.ch\/index.php?rest_route=%2Fwp%2Fv2%2Fcomments&post=756"}],"version-history":[{"count":9,"href":"https:\/\/nanugarten.ch\/index.php?rest_route=\/wp\/v2\/pages\/756\/revisions"}],"predecessor-version":[{"id":1024,"href":"https:\/\/nanugarten.ch\/index.php?rest_route=\/wp\/v2\/pages\/756\/revisions\/1024"}],"wp:attachment":[{"href":"https:\/\/nanugarten.ch\/index.php?rest_route=%2Fwp%2Fv2%2Fmedia&parent=756"}],"curies":[{"name":"wp","href":"https:\/\/api.w.org\/{rel}","templated":true}]}}