{"id":69,"date":"2020-01-27T08:05:29","date_gmt":"2020-01-27T08:05:29","guid":{"rendered":"https:\/\/demosites.io\/web-agency-gb\/?page_id=69"},"modified":"2021-03-23T05:55:15","modified_gmt":"2021-03-23T05:55:15","slug":"15c42-web-agency-gb-portfolio","status":"publish","type":"page","link":"https:\/\/nanugarten.ch\/?page_id=69","title":{"rendered":"Naturgarten"},"content":{"rendered":"<p>Ein Teich mit unterschiedlichen Tiefenzonen, eine Steinlinse, Trockensteinmauern, Totholzhecke, Ruderalfl\u00e4chen und verschiedene Strukturelemente sorgen daf\u00fcr, dass sich nicht nur Menschen sondern auch zahlreiche Pflanzen und heimische Tiere an diesem Ort wohlf\u00fchlen. Darunter Amphibien und viele Insekten die fu\u0308r ein gut funktionierendes \u00d6kosystem wichtig sind. Ein Sortenlehrpfad f\u00fcr Wildfr\u00fcchte erg\u00e4nzt das Angebot.<\/p>\n<p>Betrieb und Unterhalt des Naturgartens wird vom<a href=\"https:\/\/nanugarten.ch\/?page_id=756\"> Verein Naturgarten<\/a> Eisch sichergestellt.&nbsp;<\/p>\nngg_shortcode_0_placeholder\n","protected":false},"excerpt":{"rendered":"<p>Ein Teich mit unterschiedlichen Tiefenzonen, eine Steinlinse, Trockensteinmauern, Totholzhecke, Ruderalfl\u00e4chen und verschiedene Strukturelemente sorgen daf\u00fcr, dass sich nicht nur Menschen sondern auch zahlreiche Pflanzen und heimische Tiere an diesem Ort &hellip; <\/p>\n<p class=\"link-more\"><a href=\"https:\/\/nanugarten.ch\/?page_id=69\" class=\"more-link\"><span class=\"screen-reader-text\">\u201eNaturgarten\u201c<\/span> weiterlesen<\/a><\/p>\n","protected":false},"author":1,"featured_media":0,"parent":0,"menu_order":0,"comment_status":"closed","ping_status":"closed","template":"","meta":{"ngg_post_thumbnail":0,"_EventAllDay":false,"_EventTimezone":"","_EventStartDate":"","_EventEndDate":"","_EventStartDateUTC":"","_EventEndDateUTC":"","_EventShowMap":false,"_EventShowMapLink":false,"_EventURL":"","_EventCost":"","_EventCostDescription":"","_EventCurrencySymbol":"","_EventCurrencyCode":"","_EventCurrencyPosition":"","_EventDateTimeSeparator":"","_EventTimeRangeSeparator":"","_EventOrganizerID":[],"_EventVenueID":[],"_OrganizerEmail":"","_OrganizerPhone":"","_OrganizerWebsite":"","_VenueAddress":"","_VenueCity":"","_VenueCountry":"","_VenueProvince":"","_VenueState":"","_VenueZip":"","_VenuePhone":"","_VenueURL":"","_VenueStateProvince":"","_VenueLat":"","_VenueLng":"","_VenueShowMap":false,"_VenueShowMapLink":false,"footnotes":""},"class_list":["post-69","page","type-page","status-publish","hentry"],"_links":{"self":[{"href":"https:\/\/nanugarten.ch\/index.php?rest_route=\/wp\/v2\/pages\/69","targetHints":{"allow":["GET"]}}],"collection":[{"href":"https:\/\/nanugarten.ch\/index.php?rest_route=\/wp\/v2\/pages"}],"about":[{"href":"https:\/\/nanugarten.ch\/index.php?rest_route=\/wp\/v2\/types\/page"}],"author":[{"embeddable":true,"href":"https:\/\/nanugarten.ch\/index.php?rest_route=\/wp\/v2\/users\/1"}],"replies":[{"embeddable":true,"href":"https:\/\/nanugarten.ch\/index.php?rest_route=%2Fwp%2Fv2%2Fcomments&post=69"}],"version-history":[{"count":13,"href":"https:\/\/nanugarten.ch\/index.php?rest_route=\/wp\/v2\/pages\/69\/revisions"}],"predecessor-version":[{"id":761,"href":"https:\/\/nanugarten.ch\/index.php?rest_route=\/wp\/v2\/pages\/69\/revisions\/761"}],"wp:attachment":[{"href":"https:\/\/nanugarten.ch\/index.php?rest_route=%2Fwp%2Fv2%2Fmedia&parent=69"}],"curies":[{"name":"wp","href":"https:\/\/api.w.org\/{rel}","templated":true}]}}