{"id":381,"date":"2021-01-22T13:34:47","date_gmt":"2021-01-22T13:34:47","guid":{"rendered":"https:\/\/nanugarten.ch\/?page_id=381"},"modified":"2022-04-24T12:17:21","modified_gmt":"2022-04-24T12:17:21","slug":"entstehungsgeschichte","status":"publish","type":"page","link":"https:\/\/nanugarten.ch\/?page_id=381","title":{"rendered":"Entstehungsgeschichte"},"content":{"rendered":"<p>Bei der Parzelle Eisch handelt es sich um eine Baulandreserve der Firma Z\u00fcnd. Da es noch dauern kann bis diese Fl\u00e4che ben\u00f6tigt wird \u00fcberlegte Firmengr\u00fcnder Karl Z\u00fcnd ob man das Land in dieser Zeit nicht sinnvoller (zwischen-) nutzen k\u00f6nnte. Da dieZ\u00fcnd Systemtechnik AG gerade einen Neubau mit Personalrestaurant realisierte, war die Idee eines Nutzgartens zur firmeneigenen \u201eSelbstversorgung\u201c naheliegend. Dass dieser Nutzgarten in einen grossen Naturgarten mit Teich, B\u00e4umen, Hecken, Ruderalfl\u00e4chen etc. eingebettet werden soll, war ebenfalls schnell klar.<\/p>\n<p><b>Akteure<\/b><\/p>\n<p>Neben Karl Z\u00fcnd war Sonja Halter vom Haus Ziel eine Ideenschmiedin der ersten Stunde. Wenig sp\u00e4ter stiess Eveline Dudda aus Hinterforst dazu, welche als Agronomin und Gartenbuchautorin (vom Spriessb\u00fcrger-Verlag) jahrzehntelange Erfahrung im Gem\u00fcseanbau hat und den Nutzgarten leitet. Verschiedene versierte Fachleute aus der Region halfen aktiv bei der Umsetzung mit: Werner Strub hatte die Bauleitung inne, Norbert Ammann widmete sich den Zimmermannsarbeiten und Hans Kanzer f\u00fchrt souver\u00e4n den Bagger \u00fcbers Gel\u00e4nde. Mehrere Unternehmen der Region haben das Projekt mit Materialien und Maschinenausleihe unterst\u00fctzt. Auch in der unmittelbaren Nachbarschaft st\u00f6sst das Projekt auf viel Goodwill.&nbsp;<\/p>\n<p>Der Betrieb und Unterhalt des Naturgartens wird vom<a href=\"https:\/\/nanugarten.ch\/?page_id=756\"> Verein Naturgarten Eisch<\/a>&nbsp;sichergestellt.&nbsp;<\/p>\n<p><b>Gelebtes Recycling <\/b><\/p>\n<p>Da die Fl\u00e4chennutzung zeitlich begrenzt ist wurde bei allen Installationen grossen Wert auf R\u00fcckbaubarkeit gelegt. So kann z.B. die Gartenwerkstatt aus ausgedienten \u00dcberseecontainern jederzeit versetzt werden. Die Beetrahmen aus recyceltem Metall k\u00f6nnen woanders eingegraben, der Teich wieder zugesch\u00fcttet werden. Das meiste Werkzeug ist gebraucht, vieles wurde lediglich wieder in Stand gesetzt. Sogar ein paar B\u00e4ume wurden &#8218;recycelt&#8216;, da sie am bisherigen Standort unter der Hitze litten. Sie k\u00f6nnen nun wieder aufbl\u00fchen, weil sie etwas mehr Schatten haben. Wo ehemals Heiz\u00f6l gelagert wurde wird neu Regenwasser zum Bew\u00e4ssern gesammelt. Einzig der Pavillon ist station\u00e4r verankert und nicht mobil. Daf\u00fcr wurden seine W\u00e4nde mit dem Lehm gebaut, der beim Aushub des Naturteichs anfiel. Und das Substrat f\u00fcr das begr\u00fcnte Dach stammt vom Dach einer Halle welche in absehbarer Zeit abgerissen wird. Regionaler k\u00f6nnen Baustoffe nicht sein.<\/p>\n<p><b>Einbezug von Architekturstudenten<\/b><\/p>\n<p>International sind dagegen diejenigen die den Pavillon erbaut haben. Der Pavillon ist n\u00e4mlich das Werk von 15 Architekturstudentinnen und -studenten der Kunstuniversit\u00e4t Linz. Der Masterstudiengang von &#8218;Basehabitat&#8216; (<a href=\"http:\/\/www.basehabitat.org\">www.basehabitat.org<\/a>) wird seit Jahren von der Karl-Z\u00fcnd-Stiftung unterst\u00fctzt, da sich Basehabitat dem nachhaltigen Bauen mit Naturmaterialien vor Ort verschrieben hat. Pandemiebedingt konnten die Studierenden ein von ihnen geplantes Projekt nicht in Thailand durchf\u00fchren. Ihr Praxiseinsatz wurde deshalb ausnahmsweise nach Altst\u00e4tten verlegt. Statt mit Lehm und Bambus arbeiteten die Studierenden, die aus Indien, Peru, Frankreich und anderen L\u00e4ndern stammen, nun mit Lehm und Holz, den Ressourcen die hier bei uns vorkommen.<\/p>\n<p><img loading=\"lazy\" decoding=\"async\" class=\"alignnone size-full wp-image-449\" src=\"https:\/\/nanugarten.ch\/wp-content\/uploads\/2021\/01\/IMG_9838.jpg\" alt=\"\" width=\"1000\" height=\"667\" srcset=\"https:\/\/nanugarten.ch\/wp-content\/uploads\/2021\/01\/IMG_9838.jpg 1000w, https:\/\/nanugarten.ch\/wp-content\/uploads\/2021\/01\/IMG_9838-300x200.jpg 300w, https:\/\/nanugarten.ch\/wp-content\/uploads\/2021\/01\/IMG_9838-768x512.jpg 768w\" sizes=\"auto, (max-width: 767px) 89vw, (max-width: 1000px) 54vw, (max-width: 1071px) 543px, 580px\" \/><\/p>\n<p><img loading=\"lazy\" decoding=\"async\" class=\"alignnone size-full wp-image-450\" src=\"https:\/\/nanugarten.ch\/wp-content\/uploads\/2021\/01\/IMG_9855.jpg\" alt=\"\" width=\"1000\" height=\"667\" srcset=\"https:\/\/nanugarten.ch\/wp-content\/uploads\/2021\/01\/IMG_9855.jpg 1000w, https:\/\/nanugarten.ch\/wp-content\/uploads\/2021\/01\/IMG_9855-300x200.jpg 300w, https:\/\/nanugarten.ch\/wp-content\/uploads\/2021\/01\/IMG_9855-768x512.jpg 768w\" sizes=\"auto, (max-width: 767px) 89vw, (max-width: 1000px) 54vw, (max-width: 1071px) 543px, 580px\" \/><\/p>\n","protected":false},"excerpt":{"rendered":"<p>Bei der Parzelle Eisch handelt es sich um eine Baulandreserve der Firma Z\u00fcnd. Da es noch dauern kann bis diese Fl\u00e4che ben\u00f6tigt wird \u00fcberlegte Firmengr\u00fcnder Karl Z\u00fcnd ob man das &hellip; <\/p>\n<p class=\"link-more\"><a href=\"https:\/\/nanugarten.ch\/?page_id=381\" class=\"more-link\"><span class=\"screen-reader-text\">\u201eEntstehungsgeschichte\u201c<\/span> weiterlesen<\/a><\/p>\n","protected":false},"author":1,"featured_media":0,"parent":0,"menu_order":0,"comment_status":"closed","ping_status":"closed","template":"","meta":{"ngg_post_thumbnail":0,"_EventAllDay":false,"_EventTimezone":"","_EventStartDate":"","_EventEndDate":"","_EventStartDateUTC":"","_EventEndDateUTC":"","_EventShowMap":false,"_EventShowMapLink":false,"_EventURL":"","_EventCost":"","_EventCostDescription":"","_EventCurrencySymbol":"","_EventCurrencyCode":"","_EventCurrencyPosition":"","_EventDateTimeSeparator":"","_EventTimeRangeSeparator":"","_EventOrganizerID":[],"_EventVenueID":[],"_OrganizerEmail":"","_OrganizerPhone":"","_OrganizerWebsite":"","_VenueAddress":"","_VenueCity":"","_VenueCountry":"","_VenueProvince":"","_VenueState":"","_VenueZip":"","_VenuePhone":"","_VenueURL":"","_VenueStateProvince":"","_VenueLat":"","_VenueLng":"","_VenueShowMap":false,"_VenueShowMapLink":false,"footnotes":""},"class_list":["post-381","page","type-page","status-publish","hentry"],"_links":{"self":[{"href":"https:\/\/nanugarten.ch\/index.php?rest_route=\/wp\/v2\/pages\/381","targetHints":{"allow":["GET"]}}],"collection":[{"href":"https:\/\/nanugarten.ch\/index.php?rest_route=\/wp\/v2\/pages"}],"about":[{"href":"https:\/\/nanugarten.ch\/index.php?rest_route=\/wp\/v2\/types\/page"}],"author":[{"embeddable":true,"href":"https:\/\/nanugarten.ch\/index.php?rest_route=\/wp\/v2\/users\/1"}],"replies":[{"embeddable":true,"href":"https:\/\/nanugarten.ch\/index.php?rest_route=%2Fwp%2Fv2%2Fcomments&post=381"}],"version-history":[{"count":13,"href":"https:\/\/nanugarten.ch\/index.php?rest_route=\/wp\/v2\/pages\/381\/revisions"}],"predecessor-version":[{"id":979,"href":"https:\/\/nanugarten.ch\/index.php?rest_route=\/wp\/v2\/pages\/381\/revisions\/979"}],"wp:attachment":[{"href":"https:\/\/nanugarten.ch\/index.php?rest_route=%2Fwp%2Fv2%2Fmedia&parent=381"}],"curies":[{"name":"wp","href":"https:\/\/api.w.org\/{rel}","templated":true}]}}