{"id":318,"date":"2021-01-21T20:34:43","date_gmt":"2021-01-21T20:34:43","guid":{"rendered":"https:\/\/nanugarten.ch\/?page_id=318"},"modified":"2022-04-24T13:37:36","modified_gmt":"2022-04-24T13:37:36","slug":"mikropflanzplaetz","status":"publish","type":"page","link":"https:\/\/nanugarten.ch\/?page_id=318","title":{"rendered":"Mikropflanzpl\u00e4tz"},"content":{"rendered":"<p>Der NaNuGarten ist auch ein gemeinschaftlicher Ort. Im Naturgartenareal sind mehrere Beete \u00e0 12 und 25 Quadratmeter als Mikropflanzpl\u00e4tz angelegt. Diese werden interessierten Vereinsmitgliedern kostenlos zur Verf\u00fcgung gestellt. Im Gegenzug wird erwartet, dass sie in gemeinschaftlichen Aktionen bei der Pflege des Naturgartens mithelfen.<\/p>\n<p>Dank der u\u0308berschaubaren Gr\u00f6sse sind die Mikropflanzpl\u00e4tz ideal f\u00fcr G\u00e4rtnerinnen und G\u00e4rtnern, die Erdkontakt suchen, aber eher wenig Zeit oder keinen grossen Bedarf haben. Und sie sind bestens geeignet f\u00fcr Neueinsteigerinnen und Neueinsteiger.<\/p>\n<p><em>Wer einen Pflanzpl\u00e4tz mieten und im Naturgarten mithelfen will wende sich an Dora Z\u00fcger: <a href=\"mailto:dora.zueger@nanugarten.ch\">dora.zueger@nanugarten.ch<\/a>.<\/em><\/p>\nngg_shortcode_0_placeholder\n","protected":false},"excerpt":{"rendered":"<p>Der NaNuGarten ist auch ein gemeinschaftlicher Ort. Im Naturgartenareal sind mehrere Beete \u00e0 12 und 25 Quadratmeter als Mikropflanzpl\u00e4tz angelegt. Diese werden interessierten Vereinsmitgliedern kostenlos zur Verf\u00fcgung gestellt. Im Gegenzug &hellip; <\/p>\n<p class=\"link-more\"><a href=\"https:\/\/nanugarten.ch\/?page_id=318\" class=\"more-link\"><span class=\"screen-reader-text\">\u201eMikropflanzpl\u00e4tz\u201c<\/span> weiterlesen<\/a><\/p>\n","protected":false},"author":1,"featured_media":0,"parent":0,"menu_order":0,"comment_status":"closed","ping_status":"closed","template":"","meta":{"ngg_post_thumbnail":0,"_EventAllDay":false,"_EventTimezone":"","_EventStartDate":"","_EventEndDate":"","_EventStartDateUTC":"","_EventEndDateUTC":"","_EventShowMap":false,"_EventShowMapLink":false,"_EventURL":"","_EventCost":"","_EventCostDescription":"","_EventCurrencySymbol":"","_EventCurrencyCode":"","_EventCurrencyPosition":"","_EventDateTimeSeparator":"","_EventTimeRangeSeparator":"","_EventOrganizerID":[],"_EventVenueID":[],"_OrganizerEmail":"","_OrganizerPhone":"","_OrganizerWebsite":"","_VenueAddress":"","_VenueCity":"","_VenueCountry":"","_VenueProvince":"","_VenueState":"","_VenueZip":"","_VenuePhone":"","_VenueURL":"","_VenueStateProvince":"","_VenueLat":"","_VenueLng":"","_VenueShowMap":false,"_VenueShowMapLink":false,"footnotes":""},"class_list":["post-318","page","type-page","status-publish","hentry"],"_links":{"self":[{"href":"https:\/\/nanugarten.ch\/index.php?rest_route=\/wp\/v2\/pages\/318","targetHints":{"allow":["GET"]}}],"collection":[{"href":"https:\/\/nanugarten.ch\/index.php?rest_route=\/wp\/v2\/pages"}],"about":[{"href":"https:\/\/nanugarten.ch\/index.php?rest_route=\/wp\/v2\/types\/page"}],"author":[{"embeddable":true,"href":"https:\/\/nanugarten.ch\/index.php?rest_route=\/wp\/v2\/users\/1"}],"replies":[{"embeddable":true,"href":"https:\/\/nanugarten.ch\/index.php?rest_route=%2Fwp%2Fv2%2Fcomments&post=318"}],"version-history":[{"count":11,"href":"https:\/\/nanugarten.ch\/index.php?rest_route=\/wp\/v2\/pages\/318\/revisions"}],"predecessor-version":[{"id":1013,"href":"https:\/\/nanugarten.ch\/index.php?rest_route=\/wp\/v2\/pages\/318\/revisions\/1013"}],"wp:attachment":[{"href":"https:\/\/nanugarten.ch\/index.php?rest_route=%2Fwp%2Fv2%2Fmedia&parent=318"}],"curies":[{"name":"wp","href":"https:\/\/api.w.org\/{rel}","templated":true}]}}