{"id":244,"date":"2021-01-21T20:25:14","date_gmt":"2021-01-21T20:25:14","guid":{"rendered":"https:\/\/nanugarten.ch\/?page_id=244"},"modified":"2022-09-04T09:19:36","modified_gmt":"2022-09-04T09:19:36","slug":"mikrofarming","status":"publish","type":"page","link":"https:\/\/nanugarten.ch\/?page_id=244","title":{"rendered":"Nutzgarten"},"content":{"rendered":"<p>Auf rund 2000 Quadratmetern werden saisonales Gem\u00fcse, Salat, Kr\u00e4uter und Schnittblumen f\u00fcr das Personalrestaurant der Z\u00fcnd Systemtechnik AG angebaut. Nat\u00fcrlich Bio (was sonst!) und \u00fcberwiegend in Handarbeit. Die Fl\u00e4che ist dazu in kleine Beete unterteilt, unterbrochen von begr\u00fcnten Laufg\u00e4ngen. Man nennt diese Art Gem\u00fcse zu produzieren auch Mikrofarming. Je nach Sichtweise ist der Nutzgarten eine mikrokleine Farm oder ein riesengrosser Selbstversorgergarten f\u00fcr eine Firma.&nbsp;<\/p>\n<p>Der Anbau ist intensiv, aber nachhaltig. Das verdankt er unter anderem der Kompostwirtschaft, die in diesem Garten gross geschrieben wird, sowie einer ausgekl\u00fcgelten Fruchtfolge mit Gr\u00fcnd\u00fcngung etc&#8230;<\/p>\nngg_shortcode_0_placeholder\n<p>&nbsp;<\/p>\n","protected":false},"excerpt":{"rendered":"<p>Auf rund 2000 Quadratmetern werden saisonales Gem\u00fcse, Salat, Kr\u00e4uter und Schnittblumen f\u00fcr das Personalrestaurant der Z\u00fcnd Systemtechnik AG angebaut. Nat\u00fcrlich Bio (was sonst!) und \u00fcberwiegend in Handarbeit. Die Fl\u00e4che ist &hellip; <\/p>\n<p class=\"link-more\"><a href=\"https:\/\/nanugarten.ch\/?page_id=244\" class=\"more-link\"><span class=\"screen-reader-text\">\u201eNutzgarten\u201c<\/span> weiterlesen<\/a><\/p>\n","protected":false},"author":1,"featured_media":0,"parent":0,"menu_order":0,"comment_status":"closed","ping_status":"closed","template":"","meta":{"ngg_post_thumbnail":0,"_EventAllDay":false,"_EventTimezone":"","_EventStartDate":"","_EventEndDate":"","_EventStartDateUTC":"","_EventEndDateUTC":"","_EventShowMap":false,"_EventShowMapLink":false,"_EventURL":"","_EventCost":"","_EventCostDescription":"","_EventCurrencySymbol":"","_EventCurrencyCode":"","_EventCurrencyPosition":"","_EventDateTimeSeparator":"","_EventTimeRangeSeparator":"","_EventOrganizerID":[],"_EventVenueID":[],"_OrganizerEmail":"","_OrganizerPhone":"","_OrganizerWebsite":"","_VenueAddress":"","_VenueCity":"","_VenueCountry":"","_VenueProvince":"","_VenueState":"","_VenueZip":"","_VenuePhone":"","_VenueURL":"","_VenueStateProvince":"","_VenueLat":"","_VenueLng":"","_VenueShowMap":false,"_VenueShowMapLink":false,"footnotes":""},"class_list":["post-244","page","type-page","status-publish","hentry"],"_links":{"self":[{"href":"https:\/\/nanugarten.ch\/index.php?rest_route=\/wp\/v2\/pages\/244","targetHints":{"allow":["GET"]}}],"collection":[{"href":"https:\/\/nanugarten.ch\/index.php?rest_route=\/wp\/v2\/pages"}],"about":[{"href":"https:\/\/nanugarten.ch\/index.php?rest_route=\/wp\/v2\/types\/page"}],"author":[{"embeddable":true,"href":"https:\/\/nanugarten.ch\/index.php?rest_route=\/wp\/v2\/users\/1"}],"replies":[{"embeddable":true,"href":"https:\/\/nanugarten.ch\/index.php?rest_route=%2Fwp%2Fv2%2Fcomments&post=244"}],"version-history":[{"count":14,"href":"https:\/\/nanugarten.ch\/index.php?rest_route=\/wp\/v2\/pages\/244\/revisions"}],"predecessor-version":[{"id":1097,"href":"https:\/\/nanugarten.ch\/index.php?rest_route=\/wp\/v2\/pages\/244\/revisions\/1097"}],"wp:attachment":[{"href":"https:\/\/nanugarten.ch\/index.php?rest_route=%2Fwp%2Fv2%2Fmedia&parent=244"}],"curies":[{"name":"wp","href":"https:\/\/api.w.org\/{rel}","templated":true}]}}